{"id":3,"date":"2023-09-17T18:37:50","date_gmt":"2023-09-17T18:37:50","guid":{"rendered":"https:\/\/consultordestinos.pt\/?page_id=3"},"modified":"2025-07-14T09:36:54","modified_gmt":"2025-07-14T09:36:54","slug":"politica-privacidade","status":"publish","type":"page","link":"https:\/\/consultordestinos.pt\/en\/politica-privacidade\/","title":{"rendered":"Pol\u00edtica de privacidade"},"content":{"rendered":"<p>Informa\u00e7\u00f5es conforme a Comiss\u00e3o Nacional de Prote\u00e7\u00e3o de Dados.<\/p>\n\n<h2>Quem somos?<\/h2>\n<p>O Consultor de Destinos com a designa\u00e7\u00e3o fiscal F\u00e9rias Tropicais, \u00e9 uma ag\u00eancia de viagens.\nNo Consultor de Destinos estamos empenhados em proteger os dados pessoais dos Clientes\/Utilizadores de produtos e servi\u00e7os, bem assim, os dados pessoais dos respetivos titulares em todas as situa\u00e7\u00f5es em que ocorra um tratamento dados pessoais, neste contexto, elaborado a presente Pol\u00edtica, a qual tem subjacente o seu compromisso em respeitar as regras de prote\u00e7\u00e3o de dados pessoais.<\/p>\n\n<h2>Porqu\u00ea esta pol\u00edtica de prote\u00e7\u00e3o de dados pessoais?<\/h2>\n<p>Nesta Pol\u00edtica pretende-se dar a conhecer aos Clientes\/Utilizadores as regras gerais de tratamento de dados pessoais, os quais s\u00e3o recolhidos e tratados no estrito respeito e cumprimento do disposto na legisla\u00e7\u00e3o de prote\u00e7\u00e3o de dados pessoais em vigor em cada momento, nomeadamente o Regulamento (UE) 2016\/679 do Parlamento Europeu e do Conselho, de 27 de abril de 2016 (\u201cRGPD\u201d).<br>\nO Consultor de Destinos respeita as melhores pr\u00e1ticas no dom\u00ednio da seguran\u00e7a e da prote\u00e7\u00e3o dos dados pessoais, tendo para o efeito tomado as medidas t\u00e9cnicas e organizativas necess\u00e1rias por forma a cumprir o RGPD e garantir que o tratamento dos dados pessoais \u00e9 l\u00edcito, leal, transparente e limitado \u00e0s finalidades autorizadas.<br>\nO Consultor de Destinos est\u00e1 empenhado na prote\u00e7\u00e3o e confidencialidade dos dados pessoais, tendo adotado as medidas que considera adequadas para assegurar a exatid\u00e3o, integridade e confidencialidade dos dados pessoais, bem como, todos os demais direitos que assistem aos respetivos titulares.<br>\nAs regras previstas nesta Pol\u00edtica de Prote\u00e7\u00e3o de Dados complementam as disposi\u00e7\u00f5es, em mat\u00e9ria de prote\u00e7\u00e3o e tratamento de dados pessoais, previstas nos contratos que os Clientes\/Utilizadores celebram com o Viagens e Baratas.<\/p>\n\n<h2>O que abrange esta pol\u00edtica de prote\u00e7\u00e3o de dados?<\/h2>\n<p>Esta Pol\u00edtica de Prote\u00e7\u00e3o de Dados aplica-se exclusivamente \u00e0 recolha e tratamento de dados pessoais relativamente aos quais o Consultor de Destinos \u00e9 respons\u00e1vel pelo respetivo tratamento, no \u00e2mbito dos servi\u00e7os e produtos disponibilizados aos seus Clientes\/Utilizadores e em todas as situa\u00e7\u00f5es em que ocorra um tratamento de dados pessoais pelo universo do Consultor de Destinos.<br>\nNo website poder\u00e3o estar inclu\u00eddos links de acesso a outros websites que s\u00e3o alheios ao Viagens e Baratas. A disponibiliza\u00e7\u00e3o de tais links \u00e9 efetuada de boa-f\u00e9, n\u00e3o podendo o Consultor de Destinos ser responsabilizado pela recolha e tratamento de dados pessoais efetuados atrav\u00e9s desses websites, nem assumindo o Consultor de Destinos qualquer responsabilidade relativamente a tais websites, nomeadamente quanto \u00e0 respetiva exatid\u00e3o, credibilidade e funcionalidades disponibilizadas nos mesmos.<\/p>\n\n<h2>O que s\u00e3o dados pessoais?<\/h2>\n<p>Dados pessoais s\u00e3o qualquer informa\u00e7\u00e3o, de qualquer natureza e independentemente do respetivo suporte, incluindo som e imagem, relativa a uma pessoa singular identificada ou identific\u00e1vel.<br>\n\u00c9 considerada identific\u00e1vel a pessoa singular que possa ser identificada, direta ou indiretamente, designadamente por refer\u00eancia a um nome, n\u00famero de identifica\u00e7\u00e3o, dados de localiza\u00e7\u00e3o, identificadores por via eletr\u00f3nica ou a um ou mais elementos espec\u00edficos da sua identidade f\u00edsica, fisiol\u00f3gica, gen\u00e9tica, mental, econ\u00f3mica, cultural ou social.<\/p>\n\n<h2>No que consiste o tratamento de dados pessoais?<\/h2>\n<p>O tratamento de dados pessoais consiste numa opera\u00e7\u00e3o ou conjunto de opera\u00e7\u00f5es efetuadas sobre dados pessoais ou conjuntos de dados pessoais, atrav\u00e9s de meios automatizados, ou n\u00e3o, nomeadamente a recolha, o registo, a organiza\u00e7\u00e3o, a estrutura\u00e7\u00e3o, a conserva\u00e7\u00e3o, a adapta\u00e7\u00e3o, a recupera\u00e7\u00e3o, a consulta, a utiliza\u00e7\u00e3o, a divulga\u00e7\u00e3o, difus\u00e3o, compara\u00e7\u00e3o, interconex\u00e3o, a limita\u00e7\u00e3o, o apagamento ou a destrui\u00e7\u00e3o.<\/p>\n\n<h2>Quem \u00e9 o respons\u00e1vel pelo tratamento de dados?<\/h2>\n<p>A entidade respons\u00e1vel pelo tratamento dos dados pessoais \u00e9 o Consultor de Destinos que determina as finalidades e os meios de tratamento dos mesmos.<br>\nPara este efeito, caso o titular dos dados pessoais necessite de entrar em contacto com o respons\u00e1vel pelo tratamento de dados, poder\u00e1 faz\u00ea-lo atrav\u00e9s dos meios e contactos abaixo indicados:<br>\n\u2022 Atrav\u00e9s da op\u00e7\u00e3o de enviar contato no separador contatos atrav\u00e9s do Website <a href=\"https:\/\/consultordestinos.pt\/en\/\">https:\/\/consultordestinos.pt\/<\/a><br>\n\u2022 Atrav\u00e9s do email: <a href=\"mailto:geral@consultordestinos.pt\">geral@consultordestinos.pt<\/a><\/p>\n\n<h2>Quem \u00e9 o encarregado da prote\u00e7\u00e3o de dados?<\/h2>\n<p>O encarregado da prote\u00e7\u00e3o de dados desempenha um papel relevante no tratamento dos dados pessoais, garantindo, entre outros aspetos, a conformidade dos tratamentos de dados com a legisla\u00e7\u00e3o em vigor, procedendo \u00e0 verifica\u00e7\u00e3o do cumprimento desta Pol\u00edtica de Prote\u00e7\u00e3o de Dados e definindo regras claras de tratamento de dados pessoais, assegurando que todos os que lhe confiam o tratamento dos seus dados pessoais, tenham conhecimento da forma como o Consultor de Destinos trata os mesmos e quais os direitos que lhes assistem nesta mat\u00e9ria.<br>\nAssim, os titulares de dados pessoais, caso o pretendam, podem endere\u00e7ar uma comunica\u00e7\u00e3o ao Encarregado da Prote\u00e7\u00e3o de Dados, relativamente a assuntos relacionados com o tratamento de dados pessoais, utilizando, para o efeito, o seguinte contacto:<br>\nContacto: <a href=\"mailto:geral@consultordestinos.pt\">geral@consultordestinos.pt<\/a><\/p>\n\n<h2>Quais s\u00e3o os tipos de dados pessoais tratados?<\/h2>\n<p>O Consultor de Destinos, no \u00e2mbito da atividade que desenvolve, procede ao tratamento dos dados pessoais necess\u00e1rios \u00e0 presta\u00e7\u00e3o de servi\u00e7os e\/ou fornecimento de produtos, tratando dados como o nome, o n\u00famero de telefone, endere\u00e7o de correio eletr\u00f3nico, n\u00fameros de cart\u00e3o de cidad\u00e3o, morada, dados de passaportes, conforme informa\u00e7\u00e3o mais detalhada disponibilizada aos titulares de dados pessoais.<br>\nSem preju\u00edzo do cumprimento das normas legais relativas \u00e0 conserva\u00e7\u00e3o e transmiss\u00e3o de dados para fins de investiga\u00e7\u00e3o, dete\u00e7\u00e3o, repress\u00e3o de crimes graves, bem como de outros tratamentos a que se encontre legalmente obrigada, os dados de tr\u00e1fego, localiza\u00e7\u00e3o geogr\u00e1fica, perfil e ou consumo do Cliente\/Utilizadores ser\u00e3o tratados pelo Viagens e Baratas, na medida em que s\u00e3o necess\u00e1rios para a respetiva presta\u00e7\u00e3o dos servi\u00e7os.<br>\nOs dados pessoais, de tr\u00e1fego, localiza\u00e7\u00e3o geogr\u00e1fica, perfil e\/ou consumo s\u00e3o igualmente tratados, para fins de marketing ou divulga\u00e7\u00e3o de ofertas de bens ou servi\u00e7os do Consultor de Destinos, caso o respetivo titular o tenha autorizado.<br>\nOs dados pessoais ser\u00e3o ainda tratados, caso o respetivo titular o tenha autorizado, para efeitos de divulga\u00e7\u00e3o de servi\u00e7os informativos, no \u00e2mbito do servi\u00e7o universal, incluindo transmiss\u00e3o a terceiros para publica\u00e7\u00e3o das referidas listas e presta\u00e7\u00e3o de servi\u00e7os informativos.<br>\nCaso exista consentimento pr\u00e9vio do Cliente\/Utilizador, este poder\u00e1 ser retirado a qualquer momento, sem que, contudo, a licitude do tratamento efetuado com base no consentimento previamente dado seja comprometida.<\/p>\n\n<h2>Quando e como recolhemos os seus dados pessoais?<\/h2>\n<p>O Consultor de Destinos recolhe os seus dados pessoais, nomeadamente atrav\u00e9s do seu website, atrav\u00e9s dos contatos gerados por via email em virtude das candidaturas ou contatos.<br>\nOs dados pessoais recolhidos podem ser tratados informaticamente e de forma automatizada ou n\u00e3o automatizada, garantindo em todos os casos o estrito cumprimento da legisla\u00e7\u00e3o de prote\u00e7\u00e3o de dados pessoais, sendo armazenados em bases de dados espec\u00edficas, criadas para o efeito e, em situa\u00e7\u00e3o alguma, os dados recolhidos ser\u00e3o utilizados para outra finalidade que n\u00e3o seja aquela para a qual foram recolhidos ou dado o consentimento por parte do titular dos dados.<\/p>\n\n<h2>Quais as finalidades do tratamento dos dados pessoais e respetivos fundamentos jur\u00eddicos?<\/h2>\n<p>Em geral, os dados pessoais recolhidos t\u00eam como fundamento e destinam-se ao envio de conte\u00fados solicitados pelo utilizador, \u00e0 adequa\u00e7\u00e3o dos servi\u00e7os \u00e0s necessidades e interesses do Cliente\/Utilizador, nomeadamente para efeitos de acesso a funcionalidades espec\u00edficas dos servi\u00e7os, a sugest\u00f5es de conte\u00fados, a servi\u00e7os informativos de proximidade (nomeadamente informa\u00e7\u00e3o sobre o universo das viagens e produtos relacionados), a a\u00e7\u00f5es de informa\u00e7\u00e3o e marketing, bem como \u00e0 inclus\u00e3o do Cliente\/Utilizadores em listas\/diret\u00f3rios de assinantes.<br>\nSem preju\u00edzo da informa\u00e7\u00e3o adicional prestada aquando da recolha dos dados, o Consultor de Destinos poder\u00e1 ainda, desde que legalmente admiss\u00edvel, utilizar os dados pessoais fornecidos pelo titular para outras finalidades, tais como sugest\u00f5es, difus\u00e3o de informa\u00e7\u00f5es ou dar a conhecer campanhas, promo\u00e7\u00f5es, publicidade e not\u00edcias sobre os produtos e\/ou servi\u00e7os do Consultor de Destinos e dos seus parceiros.<\/p>\n\n<h2>Por quanto tempo conservamos os seus dados pessoais?<\/h2>\n<p>O per\u00edodo de tempo durante o qual os dados pessoais s\u00e3o armazenados e conservados varia de acordo com a finalidade para a qual a informa\u00e7\u00e3o \u00e9 tratada.<br>\nEfetivamente, existem requisitos legais que obrigam a conservar os dados por um per\u00edodo de tempo m\u00ednimo. Assim, e sempre que n\u00e3o exista uma exig\u00eancia legal espec\u00edfica, os dados ser\u00e3o armazenados e conservados apenas pelo per\u00edodo m\u00ednimo necess\u00e1rio para a prossecu\u00e7\u00e3o das finalidades que motivaram a sua recolha ou o seu posterior tratamento, nos termos definidos na lei.<\/p>\n\n<h2>Quais s\u00e3o os seus direitos enquanto titular?<\/h2>\n<p>Enquanto titulares dos dados pessoais, \u00e9 garantido aos Clientes\/Utilizadores, a qualquer momento, o direito de acesso, retifica\u00e7\u00e3o, atualiza\u00e7\u00e3o, limita\u00e7\u00e3o e apagamento dos seus dados pessoais por parte do Viagens e Baratas, devendo devidamente identificar-se nos diferentes meios de contato disponibilizados no ponto em cima, devendo indicar os contatos e remover da base de dados. O direito de oposi\u00e7\u00e3o \u00e0 utiliza\u00e7\u00e3o dos mesmos para fins comerciais pelo Consultor de Destinos e \u00e0 retirada do consentimento, sem que tal comprometa a licitude do tratamento efetuado ao abrigo desse consentimento, bem como o direito \u00e0 portabilidade dos dados.<\/p>\n\n<h2>Como poder\u00e1 aceder, retificar, atualizar, limitar, apagar, opor-se ao tratamento dos seus dados pessoais, ou remover o consentimento?<\/h2>\n<p>Sem preju\u00edzo do disposto no RGPD, o titular dos dados pessoais poder\u00e1 faz\u00ea-lo, diretamente ou mediante pedido por escrito, dirigido ao respetivo Respons\u00e1vel pelo tratamento atrav\u00e9s dos contactos disponibilizados para o efeito no presente documento, bem como demais contactos disponibilizados pelo Consultor de Destinos.<\/p>\n\n<h2>Como pode opor-se \u00e0 rece\u00e7\u00e3o de contactos para fins de marketing?<\/h2>\n<p>O Consultor de Destinos pode promover a\u00e7\u00f5es de divulga\u00e7\u00e3o junto dos seus Clientes\/Utilizadores, de novos produtos ou servi\u00e7os, nomeadamente atrav\u00e9s de e-mail ou sms, ou qualquer outro servi\u00e7o de comunica\u00e7\u00f5es eletr\u00f3nicas, caso o titular dos dados pessoais tenha dado o respetivo consentimento.<br>\nCaso o titular de dados pessoais n\u00e3o pretenda continuar a rececionar estas comunica\u00e7\u00f5es pode, a qualquer momento, retirar o seu consentimento \u00e0 utiliza\u00e7\u00e3o dos seus dados para fins de marketing e contato.<\/p>\n\n<h2>Como pode reclamar?<\/h2>\n<p>Sem preju\u00edzo de poder apresentar reclama\u00e7\u00f5es diretamente ao Consultor de Destinos, atrav\u00e9s dos contactos disponibilizados para o efeito, o Cliente\/Utilizador pode reclamar diretamente para a Autoridade de Controlo, que \u00e9 a Comiss\u00e3o Nacional de Prote\u00e7\u00e3o de Dados (CNPD), utilizando os contactos disponibilizados por esta entidade para o efeito.<\/p>\n\n<h2>Quais as medidas adotadas pelo Viagens e Baratas para assegurar a seguran\u00e7a dos seus dados pessoais?<\/h2>\n<p>O Consultor de Destinos assume o compromisso de garantir a prote\u00e7\u00e3o da seguran\u00e7a dos dados pessoais que lhe s\u00e3o disponibilizados e fazendo um uso seguro. O cumprimento destas regras constitui uma obriga\u00e7\u00e3o de todos aqueles que legalmente aos mesmos acedem.<br>\nTendo presente a preocupa\u00e7\u00e3o e empenho que o Consultor de Destinos revela na defesa dos dados pessoais, foram adotadas diversas medidas de seguran\u00e7a, de car\u00e1cter t\u00e9cnico e organizativo, de forma a proteger os dados pessoais que lhe s\u00e3o disponibilizados contra a sua difus\u00e3o, perda, uso indevido, altera\u00e7\u00e3o, tratamento ou acesso n\u00e3o autorizado, bem como contra qualquer outra forma de tratamento il\u00edcito.<br>\nN\u00e3o obstante as medidas de seguran\u00e7a adotadas pelo Consultor de Destinos, alertamos a todos os que navegam na Internet que devem adotar medidas adicionais de seguran\u00e7a, designadamente, assegurar que utilizam um PC e um browser atualizados em termos de \u201cpatches\u201d de seguran\u00e7a adequadamente configurados, com firewall ativa, antiv\u00edrus e anti-spyware e que se certifiquem da autenticidade dos sites que visitam na internet, devendo evitar websites em cuja reputa\u00e7\u00e3o n\u00e3o confiem.<\/p>\n\n<h2>Em que circunst\u00e2ncias existe comunica\u00e7\u00e3o de dados a outras entidades (terceiros e subcontratados)?<\/h2>\n<p>O Consultor de Destinos, no \u00e2mbito da sua atividade, poder\u00e1 recorrer a terceiros para a presta\u00e7\u00e3o de determinados servi\u00e7os. Por vezes, a presta\u00e7\u00e3o destes servi\u00e7os implica o acesso, por estas entidades, a dados pessoais dos Clientes\/Utilizadores. Quando tal sucede, o Consultor de Destinos toma as medidas adequadas, de forma a assegurar que as entidades que tenham acesso aos dados s\u00e3o reputadas e oferecem as mais elevadas garantias a este n\u00edvel, o que fica devidamente consagrado e acautelado contratualmente entre o Consultor de Destinos e a(s) terceira(s) entidade(s).<br>\nAssim, qualquer entidade subcontratada pelo Consultor de Destinos tratar\u00e1 os dados pessoais dos nossos Clientes\/Utilizadores, em nome e por conta do Consultor de Destinos adotando medidas t\u00e9cnicas e organizacionais necess\u00e1rias de forma a proteger os dados pessoais contra a destrui\u00e7\u00e3o, acidental ou il\u00edcita, a perda acidental, a altera\u00e7\u00e3o, a difus\u00e3o ou o acesso n\u00e3o autorizado e contra qualquer outra forma de tratamento il\u00edcito.<\/p>\n\n<h2>Como usamos os \u201ccookies\u201d?<\/h2>\n<p>\u201cCookies\u201d s\u00e3o pequenas etiquetas de software que s\u00e3o armazenadas no computador atrav\u00e9s do navegador (browser), retendo apenas informa\u00e7\u00e3o relacionada com as prefer\u00eancias, n\u00e3o incluindo, como tal, os dados pessoais. Poderemos utilizar cookies.<\/p>\n\n<h2>Como pode ficar a conhecer quaisquer altera\u00e7\u00f5es \u00e0 pol\u00edtica de prote\u00e7\u00e3o de dados pessoais?<\/h2>\n<p>O Consultor de Destinos reserva-se o direito de a qualquer altura, proceder a reajustamentos ou altera\u00e7\u00f5es \u00e0 presente Pol\u00edtica de Prote\u00e7\u00e3o de Dados Pessoais, sendo essas altera\u00e7\u00f5es devidamente publicitadas no website do Consultor de Destinos.<\/p>\n\n<h2>Nota final<\/h2>\n<p>Se deseja cancelar ou alterar algum dado que nos tenha fornecido, lamentamos e faremos com que seja o mais r\u00e1pido poss\u00edvel. Se por algum motivo n\u00e3o est\u00e1 feliz com a forma como temos atuado, diga-nos.<\/p>\n\n\n\n\n<p><\/p>","protected":false},"excerpt":{"rendered":"<p>Informa\u00e7\u00f5es conforme a Comiss\u00e3o Nacional de Prote\u00e7\u00e3o de Dados. Quem somos? O Consultor de Destinos com a designa\u00e7\u00e3o fiscal F\u00e9rias Tropicais, \u00e9 uma ag\u00eancia de viagens. No Consultor de Destinos estamos empenhados em proteger os dados pessoais dos Clientes\/Utilizadores de produtos e servi\u00e7os, bem assim, os dados pessoais dos respetivos titulares em todas as situa\u00e7\u00f5es em que ocorra um tratamento dados pessoais, neste contexto, elaborado a presente Pol\u00edtica, a qual tem subjacente o seu compromisso em respeitar as regras de prote\u00e7\u00e3o de dados pessoais. Porqu\u00ea esta pol\u00edtica de prote\u00e7\u00e3o de dados pessoais? Nesta Pol\u00edtica pretende-se dar a conhecer aos Clientes\/Utilizadores as regras gerais de tratamento de dados pessoais, os quais s\u00e3o recolhidos e tratados no estrito respeito e cumprimento do disposto na legisla\u00e7\u00e3o de prote\u00e7\u00e3o de dados pessoais em vigor em cada momento, nomeadamente o Regulamento (UE) 2016\/679 do Parlamento Europeu e do Conselho, de 27 de abril de 2016 (\u201cRGPD\u201d). O Consultor de Destinos respeita as melhores pr\u00e1ticas no dom\u00ednio da seguran\u00e7a e da prote\u00e7\u00e3o dos dados pessoais, tendo para o efeito tomado as medidas t\u00e9cnicas e organizativas necess\u00e1rias por forma a cumprir o RGPD e garantir que o tratamento dos dados pessoais \u00e9 l\u00edcito, leal, transparente e limitado \u00e0s finalidades autorizadas. O Consultor de Destinos est\u00e1 empenhado na prote\u00e7\u00e3o e confidencialidade dos dados pessoais, tendo adotado as medidas que considera adequadas para assegurar a exatid\u00e3o, integridade e confidencialidade dos dados pessoais, bem como, todos os demais direitos que assistem aos respetivos titulares. As regras previstas nesta Pol\u00edtica de Prote\u00e7\u00e3o de Dados complementam as disposi\u00e7\u00f5es, em mat\u00e9ria de prote\u00e7\u00e3o e tratamento de dados pessoais, previstas nos contratos que os Clientes\/Utilizadores celebram com o Viagens e Baratas. O que abrange esta pol\u00edtica de prote\u00e7\u00e3o de dados? Esta Pol\u00edtica de Prote\u00e7\u00e3o de Dados aplica-se exclusivamente \u00e0 recolha e tratamento de dados pessoais relativamente aos quais o Consultor de Destinos \u00e9 respons\u00e1vel pelo respetivo tratamento, no \u00e2mbito dos servi\u00e7os e produtos disponibilizados aos seus Clientes\/Utilizadores e em todas as situa\u00e7\u00f5es em que ocorra um tratamento de dados pessoais pelo universo do Consultor de Destinos. No website poder\u00e3o estar inclu\u00eddos links de acesso a outros websites que s\u00e3o alheios ao Viagens e Baratas. A disponibiliza\u00e7\u00e3o de tais links \u00e9 efetuada de boa-f\u00e9, n\u00e3o podendo o Consultor de Destinos ser responsabilizado pela recolha e tratamento de dados pessoais efetuados atrav\u00e9s desses websites, nem assumindo o Consultor de Destinos qualquer responsabilidade relativamente a tais websites, nomeadamente quanto \u00e0 respetiva exatid\u00e3o, credibilidade e funcionalidades disponibilizadas nos mesmos. O que s\u00e3o dados pessoais? Dados pessoais s\u00e3o qualquer informa\u00e7\u00e3o, de qualquer natureza e independentemente do respetivo suporte, incluindo som e imagem, relativa a uma pessoa singular identificada ou identific\u00e1vel. \u00c9 considerada identific\u00e1vel a pessoa singular que possa ser identificada, direta ou indiretamente, designadamente por refer\u00eancia a um nome, n\u00famero de identifica\u00e7\u00e3o, dados de localiza\u00e7\u00e3o, identificadores por via eletr\u00f3nica ou a um ou mais elementos espec\u00edficos da sua identidade f\u00edsica, fisiol\u00f3gica, gen\u00e9tica, mental, econ\u00f3mica, cultural ou social. No que consiste o tratamento de dados pessoais? O tratamento de dados pessoais consiste numa opera\u00e7\u00e3o ou conjunto de opera\u00e7\u00f5es efetuadas sobre dados pessoais ou conjuntos de dados pessoais, atrav\u00e9s de meios automatizados, ou n\u00e3o, nomeadamente a recolha, o registo, a organiza\u00e7\u00e3o, a estrutura\u00e7\u00e3o, a conserva\u00e7\u00e3o, a adapta\u00e7\u00e3o, a recupera\u00e7\u00e3o, a consulta, a utiliza\u00e7\u00e3o, a divulga\u00e7\u00e3o, difus\u00e3o, compara\u00e7\u00e3o, interconex\u00e3o, a limita\u00e7\u00e3o, o apagamento ou a destrui\u00e7\u00e3o. Quem \u00e9 o respons\u00e1vel pelo tratamento de dados? A entidade respons\u00e1vel pelo tratamento dos dados pessoais \u00e9 o Consultor de Destinos que determina as finalidades e os meios de tratamento dos mesmos. Para este efeito, caso o titular dos dados pessoais necessite de entrar em contacto com o respons\u00e1vel pelo tratamento de dados, poder\u00e1 faz\u00ea-lo atrav\u00e9s dos meios e contactos abaixo indicados: \u2022 Atrav\u00e9s da op\u00e7\u00e3o de enviar contato no separador contatos atrav\u00e9s do Website https:\/\/consultordestinos.pt\/ \u2022 Atrav\u00e9s do email: geral@consultordestinos.pt Quem \u00e9 o encarregado da prote\u00e7\u00e3o de dados? O encarregado da prote\u00e7\u00e3o de dados desempenha um papel relevante no tratamento dos dados pessoais, garantindo, entre outros aspetos, a conformidade dos tratamentos de dados com a legisla\u00e7\u00e3o em vigor, procedendo \u00e0 verifica\u00e7\u00e3o do cumprimento desta Pol\u00edtica de Prote\u00e7\u00e3o de Dados e definindo regras claras de tratamento de dados pessoais, assegurando que todos os que lhe confiam o tratamento dos seus dados pessoais, tenham conhecimento da forma como o Consultor de Destinos trata os mesmos e quais os direitos que lhes assistem nesta mat\u00e9ria. Assim, os titulares de dados pessoais, caso o pretendam, podem endere\u00e7ar uma comunica\u00e7\u00e3o ao Encarregado da Prote\u00e7\u00e3o de Dados, relativamente a assuntos relacionados com o tratamento de dados pessoais, utilizando, para o efeito, o seguinte contacto: Contacto: geral@consultordestinos.pt Quais s\u00e3o os tipos de dados pessoais tratados? O Consultor de Destinos, no \u00e2mbito da atividade que desenvolve, procede ao tratamento dos dados pessoais necess\u00e1rios \u00e0 presta\u00e7\u00e3o de servi\u00e7os e\/ou fornecimento de produtos, tratando dados como o nome, o n\u00famero de telefone, endere\u00e7o de correio eletr\u00f3nico, n\u00fameros de cart\u00e3o de cidad\u00e3o, morada, dados de passaportes, conforme informa\u00e7\u00e3o mais detalhada disponibilizada aos titulares de dados pessoais. Sem preju\u00edzo do cumprimento das normas legais relativas \u00e0 conserva\u00e7\u00e3o e transmiss\u00e3o de dados para fins de investiga\u00e7\u00e3o, dete\u00e7\u00e3o, repress\u00e3o de crimes graves, bem como de outros tratamentos a que se encontre legalmente obrigada, os dados de tr\u00e1fego, localiza\u00e7\u00e3o geogr\u00e1fica, perfil e ou consumo do Cliente\/Utilizadores ser\u00e3o tratados pelo Viagens e Baratas, na medida em que s\u00e3o necess\u00e1rios para a respetiva presta\u00e7\u00e3o dos servi\u00e7os. Os dados pessoais, de tr\u00e1fego, localiza\u00e7\u00e3o geogr\u00e1fica, perfil e\/ou consumo s\u00e3o igualmente tratados, para fins de marketing ou divulga\u00e7\u00e3o de ofertas de bens ou servi\u00e7os do Consultor de Destinos, caso o respetivo titular o tenha autorizado. Os dados pessoais ser\u00e3o ainda tratados, caso o respetivo titular o tenha autorizado, para efeitos de divulga\u00e7\u00e3o de servi\u00e7os informativos, no \u00e2mbito do servi\u00e7o universal, incluindo transmiss\u00e3o a terceiros para publica\u00e7\u00e3o das referidas listas e presta\u00e7\u00e3o de servi\u00e7os informativos. Caso exista consentimento pr\u00e9vio do Cliente\/Utilizador, este poder\u00e1 ser retirado a qualquer momento, sem que, contudo, a licitude do tratamento efetuado com base no consentimento previamente dado seja comprometida. Quando<\/p>","protected":false},"author":1,"featured_media":0,"parent":0,"menu_order":0,"comment_status":"closed","ping_status":"closed","template":"","meta":{"footnotes":""},"class_list":["post-3","page","type-page","status-publish","hentry"],"_links":{"self":[{"href":"https:\/\/consultordestinos.pt\/en\/wp-json\/wp\/v2\/pages\/3","targetHints":{"allow":["GET"]}}],"collection":[{"href":"https:\/\/consultordestinos.pt\/en\/wp-json\/wp\/v2\/pages"}],"about":[{"href":"https:\/\/consultordestinos.pt\/en\/wp-json\/wp\/v2\/types\/page"}],"author":[{"embeddable":true,"href":"https:\/\/consultordestinos.pt\/en\/wp-json\/wp\/v2\/users\/1"}],"replies":[{"embeddable":true,"href":"https:\/\/consultordestinos.pt\/en\/wp-json\/wp\/v2\/comments?post=3"}],"version-history":[{"count":4,"href":"https:\/\/consultordestinos.pt\/en\/wp-json\/wp\/v2\/pages\/3\/revisions"}],"predecessor-version":[{"id":679,"href":"https:\/\/consultordestinos.pt\/en\/wp-json\/wp\/v2\/pages\/3\/revisions\/679"}],"wp:attachment":[{"href":"https:\/\/consultordestinos.pt\/en\/wp-json\/wp\/v2\/media?parent=3"}],"curies":[{"name":"wp","href":"https:\/\/api.w.org\/{rel}","templated":true}]}}