{"id":337,"date":"2025-06-02T15:21:29","date_gmt":"2025-06-02T15:21:29","guid":{"rendered":"https:\/\/consultordestinos.pt\/?page_id=337"},"modified":"2025-06-13T16:58:53","modified_gmt":"2025-06-13T16:58:53","slug":"sobre-nos","status":"publish","type":"page","link":"https:\/\/consultordestinos.pt\/en\/sobre-nos\/","title":{"rendered":"Sobre n\u00f3s"},"content":{"rendered":"<div data-elementor-type=\"wp-page\" data-elementor-id=\"337\" class=\"elementor elementor-337\">\n\t\t\t\t<div class=\"elementor-element elementor-element-25adf58 e-flex e-con-boxed wpr-particle-no wpr-jarallax-no wpr-parallax-no wpr-sticky-section-no wpr-column-slider-no wpr-equal-height-no e-con e-parent\" data-id=\"25adf58\" data-element_type=\"container\" data-e-type=\"container\" data-settings=\"{&quot;background_background&quot;:&quot;classic&quot;}\">\n\t\t\t\t\t<div class=\"e-con-inner\">\n\t\t\t\t<div class=\"elementor-element elementor-element-63aa57f elementor-widget elementor-widget-heading\" data-id=\"63aa57f\" data-element_type=\"widget\" data-e-type=\"widget\" data-widget_type=\"heading.default\">\n\t\t\t\t<div class=\"elementor-widget-container\">\n\t\t\t\t\t<h1 class=\"elementor-heading-title elementor-size-default\">Sobre N\u00f3s<\/h1>\t\t\t\t<\/div>\n\t\t\t\t<\/div>\n\t\t\t\t\t<\/div>\n\t\t\t\t<\/div>\n\t\t<div class=\"elementor-element elementor-element-67d184e e-flex e-con-boxed wpr-particle-no wpr-jarallax-no wpr-parallax-no wpr-sticky-section-no wpr-column-slider-no wpr-equal-height-no e-con e-parent\" data-id=\"67d184e\" data-element_type=\"container\" data-e-type=\"container\" data-settings=\"{&quot;background_background&quot;:&quot;classic&quot;}\">\n\t\t\t\t\t<div class=\"e-con-inner\">\n\t\t<div class=\"elementor-element elementor-element-e7acfd6 e-con-full e-flex wpr-particle-no wpr-jarallax-no wpr-parallax-no wpr-sticky-section-no wpr-column-slider-no wpr-equal-height-no e-con e-child\" data-id=\"e7acfd6\" data-element_type=\"container\" data-e-type=\"container\">\n\t\t\t\t<div class=\"elementor-element elementor-element-5aae8db elementor-widget__width-initial elementor-invisible elementor-widget elementor-widget-heading\" data-id=\"5aae8db\" data-element_type=\"widget\" data-e-type=\"widget\" data-settings=\"{&quot;_animation&quot;:&quot;fadeInLeft&quot;,&quot;_animation_mobile&quot;:&quot;fadeIn&quot;}\" data-widget_type=\"heading.default\">\n\t\t\t\t<div class=\"elementor-widget-container\">\n\t\t\t\t\t<h2 class=\"elementor-heading-title elementor-size-default\">Desde 2019 que vivemos e trabalhamos no mundo do turismo.<\/h2>\t\t\t\t<\/div>\n\t\t\t\t<\/div>\n\t\t\t\t<div class=\"elementor-element elementor-element-62b005b elementor-invisible elementor-widget elementor-widget-text-editor\" data-id=\"62b005b\" data-element_type=\"widget\" data-e-type=\"widget\" data-settings=\"{&quot;_animation&quot;:&quot;fadeInLeft&quot;,&quot;_animation_delay&quot;:100,&quot;_animation_mobile&quot;:&quot;fadeIn&quot;}\" data-widget_type=\"text-editor.default\">\n\t\t\t\t<div class=\"elementor-widget-container\">\n\t\t\t\t\t\t\t\t\t<p>Como viajantes experientes e com neg\u00f3cios pr\u00f3prios na \u00e1rea, sabemos exatamente o que \u00e9 preciso para crescer neste setor.<\/p><p>Ajudamos-te a dar os primeiros passos com seguran\u00e7a, forma\u00e7\u00e3o pr\u00e1tica e acompanhamento real.<\/p>\t\t\t\t\t\t\t\t<\/div>\n\t\t\t\t<\/div>\n\t\t\t\t<\/div>\n\t\t<div class=\"elementor-element elementor-element-c427f11 e-con-full e-flex wpr-particle-no wpr-jarallax-no wpr-parallax-no wpr-sticky-section-no wpr-column-slider-no wpr-equal-height-no e-con e-child\" data-id=\"c427f11\" data-element_type=\"container\" data-e-type=\"container\">\n\t\t\t\t<div class=\"elementor-element elementor-element-de94a32 elementor-invisible elementor-widget elementor-widget-image\" data-id=\"de94a32\" data-element_type=\"widget\" data-e-type=\"widget\" data-settings=\"{&quot;_animation&quot;:&quot;fadeInUp&quot;}\" data-widget_type=\"image.default\">\n\t\t\t\t<div class=\"elementor-widget-container\">\n\t\t\t\t\t\t\t\t\t\t\t\t\t\t\t<img fetchpriority=\"high\" decoding=\"async\" width=\"800\" height=\"800\" src=\"https:\/\/consultordestinos.pt\/wp-content\/uploads\/2025\/06\/Design-sem-nome.zip-8-1024x1024.jpg\" class=\"attachment-large size-large wp-image-425\" alt=\"\" srcset=\"https:\/\/consultordestinos.pt\/wp-content\/uploads\/2025\/06\/Design-sem-nome.zip-8-1024x1024.jpg 1024w, https:\/\/consultordestinos.pt\/wp-content\/uploads\/2025\/06\/Design-sem-nome.zip-8-300x300.jpg 300w, https:\/\/consultordestinos.pt\/wp-content\/uploads\/2025\/06\/Design-sem-nome.zip-8-150x150.jpg 150w, https:\/\/consultordestinos.pt\/wp-content\/uploads\/2025\/06\/Design-sem-nome.zip-8-768x768.jpg 768w, https:\/\/consultordestinos.pt\/wp-content\/uploads\/2025\/06\/Design-sem-nome.zip-8-12x12.jpg 12w, https:\/\/consultordestinos.pt\/wp-content\/uploads\/2025\/06\/Design-sem-nome.zip-8.jpg 1080w\" sizes=\"(max-width: 800px) 100vw, 800px\" \/>\t\t\t\t\t\t\t\t\t\t\t\t\t\t\t<\/div>\n\t\t\t\t<\/div>\n\t\t\t\t<\/div>\n\t\t\t\t\t<\/div>\n\t\t\t\t<\/div>\n\t\t<div class=\"elementor-element elementor-element-4357285 e-flex e-con-boxed wpr-particle-no wpr-jarallax-no wpr-parallax-no wpr-sticky-section-no wpr-column-slider-no wpr-equal-height-no e-con e-parent\" data-id=\"4357285\" data-element_type=\"container\" data-e-type=\"container\" data-settings=\"{&quot;background_background&quot;:&quot;classic&quot;}\">\n\t\t\t\t\t<div class=\"e-con-inner\">\n\t\t<div class=\"elementor-element elementor-element-0928fc4 e-con-full e-flex wpr-particle-no wpr-jarallax-no wpr-parallax-no wpr-sticky-section-no wpr-column-slider-no wpr-equal-height-no e-con e-child\" data-id=\"0928fc4\" data-element_type=\"container\" data-e-type=\"container\">\n\t\t\t\t<div class=\"elementor-element elementor-element-91c373b elementor-invisible elementor-widget elementor-widget-image\" data-id=\"91c373b\" data-element_type=\"widget\" data-e-type=\"widget\" data-settings=\"{&quot;_animation&quot;:&quot;fadeInUp&quot;}\" data-widget_type=\"image.default\">\n\t\t\t\t<div class=\"elementor-widget-container\">\n\t\t\t\t\t\t\t\t\t\t\t\t\t\t\t<img decoding=\"async\" width=\"800\" height=\"800\" src=\"https:\/\/consultordestinos.pt\/wp-content\/uploads\/2025\/06\/1.jpeg\" class=\"attachment-large size-large wp-image-640\" alt=\"\" srcset=\"https:\/\/consultordestinos.pt\/wp-content\/uploads\/2025\/06\/1.jpeg 960w, https:\/\/consultordestinos.pt\/wp-content\/uploads\/2025\/06\/1-300x300.jpeg 300w, https:\/\/consultordestinos.pt\/wp-content\/uploads\/2025\/06\/1-150x150.jpeg 150w, https:\/\/consultordestinos.pt\/wp-content\/uploads\/2025\/06\/1-768x768.jpeg 768w, https:\/\/consultordestinos.pt\/wp-content\/uploads\/2025\/06\/1-12x12.jpeg 12w\" sizes=\"(max-width: 800px) 100vw, 800px\" \/>\t\t\t\t\t\t\t\t\t\t\t\t\t\t\t<\/div>\n\t\t\t\t<\/div>\n\t\t\t\t<\/div>\n\t\t<div class=\"elementor-element elementor-element-1a4bff0 e-con-full e-flex wpr-particle-no wpr-jarallax-no wpr-parallax-no wpr-sticky-section-no wpr-column-slider-no wpr-equal-height-no e-con e-child\" data-id=\"1a4bff0\" data-element_type=\"container\" data-e-type=\"container\">\n\t\t\t\t<div class=\"elementor-element elementor-element-c4ad149 elementor-widget__width-initial elementor-invisible elementor-widget elementor-widget-heading\" data-id=\"c4ad149\" data-element_type=\"widget\" data-e-type=\"widget\" data-settings=\"{&quot;_animation&quot;:&quot;fadeInRight&quot;,&quot;_animation_mobile&quot;:&quot;fadeIn&quot;}\" data-widget_type=\"heading.default\">\n\t\t\t\t<div class=\"elementor-widget-container\">\n\t\t\t\t\t<h2 class=\"elementor-heading-title elementor-size-default\">Alcan\u00e7a a liberdade financeira que tanto anseias<\/h2>\t\t\t\t<\/div>\n\t\t\t\t<\/div>\n\t\t\t\t<div class=\"elementor-element elementor-element-7669715 elementor-invisible elementor-widget elementor-widget-text-editor\" data-id=\"7669715\" data-element_type=\"widget\" data-e-type=\"widget\" data-settings=\"{&quot;_animation&quot;:&quot;fadeInRight&quot;,&quot;_animation_delay&quot;:100,&quot;_animation_mobile&quot;:&quot;fadeIn&quot;}\" data-widget_type=\"text-editor.default\">\n\t\t\t\t<div class=\"elementor-widget-container\">\n\t\t\t\t\t\t\t\t\t<p>Com o nosso apoio, vais conseguir construir uma carreira s\u00f3lida como Consultor de Destinos e transformar a tua paix\u00e3o em profiss\u00e3o.<\/p><p>Poder\u00e1s trabalhar a partir de qualquer lado do mundo, ter\u00e1s a possibilidade de realizar sonhos, ter\u00e1s do teu lado os melhores parceiros e alcan\u00e7ar\u00e1s a liberdade financeira que tanto anseias!<\/p>\t\t\t\t\t\t\t\t<\/div>\n\t\t\t\t<\/div>\n\t\t\t\t<div class=\"elementor-element elementor-element-d6cb96c elementor-mobile-align-center elementor-invisible elementor-widget elementor-widget-button\" data-id=\"d6cb96c\" data-element_type=\"widget\" data-e-type=\"widget\" data-settings=\"{&quot;_animation&quot;:&quot;fadeInRight&quot;,&quot;_animation_delay&quot;:200,&quot;_animation_mobile&quot;:&quot;fadeIn&quot;}\" data-widget_type=\"button.default\">\n\t\t\t\t<div class=\"elementor-widget-container\">\n\t\t\t\t\t\t\t\t\t<div class=\"elementor-button-wrapper\">\n\t\t\t\t\t<a class=\"elementor-button elementor-button-link elementor-size-sm\" href=\"https:\/\/consultordestinos.pt\/en\/faz-parte-da-nossa-equipa\/\">\n\t\t\t\t\t\t<span class=\"elementor-button-content-wrapper\">\n\t\t\t\t\t\t<span class=\"elementor-button-icon\">\n\t\t\t\t<i aria-hidden=\"true\" class=\"fas fa-chevron-right\"><\/i>\t\t\t<\/span>\n\t\t\t\t\t\t\t\t\t<span class=\"elementor-button-text\">Faz parte da nossa equipa<\/span>\n\t\t\t\t\t<\/span>\n\t\t\t\t\t<\/a>\n\t\t\t\t<\/div>\n\t\t\t\t\t\t\t\t<\/div>\n\t\t\t\t<\/div>\n\t\t\t\t<\/div>\n\t\t\t\t\t<\/div>\n\t\t\t\t<\/div>\n\t\t\t\t<\/div>","protected":false},"excerpt":{"rendered":"<p>Sobre N\u00f3s Desde 2019 que vivemos e trabalhamos no mundo do turismo. Como viajantes experientes e com neg\u00f3cios pr\u00f3prios na \u00e1rea, sabemos exatamente o que \u00e9 preciso para crescer neste setor. Ajudamos-te a dar os primeiros passos com seguran\u00e7a, forma\u00e7\u00e3o pr\u00e1tica e acompanhamento real. Alcan\u00e7a a liberdade financeira que tanto anseias Com o nosso apoio, vais conseguir construir uma carreira s\u00f3lida como Consultor de Destinos e transformar a tua paix\u00e3o em profiss\u00e3o. Poder\u00e1s trabalhar a partir de qualquer lado do mundo, ter\u00e1s a possibilidade de realizar sonhos, ter\u00e1s do teu lado os melhores parceiros e alcan\u00e7ar\u00e1s a liberdade financeira que tanto anseias! Faz parte da nossa equipa<\/p>","protected":false},"author":1,"featured_media":0,"parent":0,"menu_order":0,"comment_status":"closed","ping_status":"closed","template":"elementor_header_footer","meta":{"footnotes":""},"class_list":["post-337","page","type-page","status-publish","hentry"],"_links":{"self":[{"href":"https:\/\/consultordestinos.pt\/en\/wp-json\/wp\/v2\/pages\/337","targetHints":{"allow":["GET"]}}],"collection":[{"href":"https:\/\/consultordestinos.pt\/en\/wp-json\/wp\/v2\/pages"}],"about":[{"href":"https:\/\/consultordestinos.pt\/en\/wp-json\/wp\/v2\/types\/page"}],"author":[{"embeddable":true,"href":"https:\/\/consultordestinos.pt\/en\/wp-json\/wp\/v2\/users\/1"}],"replies":[{"embeddable":true,"href":"https:\/\/consultordestinos.pt\/en\/wp-json\/wp\/v2\/comments?post=337"}],"version-history":[{"count":25,"href":"https:\/\/consultordestinos.pt\/en\/wp-json\/wp\/v2\/pages\/337\/revisions"}],"predecessor-version":[{"id":654,"href":"https:\/\/consultordestinos.pt\/en\/wp-json\/wp\/v2\/pages\/337\/revisions\/654"}],"wp:attachment":[{"href":"https:\/\/consultordestinos.pt\/en\/wp-json\/wp\/v2\/media?parent=337"}],"curies":[{"name":"wp","href":"https:\/\/api.w.org\/{rel}","templated":true}]}}