{"id":405,"date":"2025-06-03T09:54:51","date_gmt":"2025-06-03T09:54:51","guid":{"rendered":"https:\/\/consultordestinos.pt\/?page_id=405"},"modified":"2025-07-14T09:39:38","modified_gmt":"2025-07-14T09:39:38","slug":"termos-e-condicoes","status":"publish","type":"page","link":"https:\/\/consultordestinos.pt\/en\/termos-e-condicoes\/","title":{"rendered":"Termos e Condi\u00e7\u00f5es"},"content":{"rendered":"<p>Por favor, leia este acordo cuidadosamente, antes de utilizar este site.<br>\nEste acordo \u00e9 realizado entre si e F\u00e9rias Tropicais, Lda com o nome comercial de Consultor de Destinos, com sede social na Rua Francisco Carqueja, 179, 3\u00ba Esq\u00ba 4350-085 Porto \u2013 Email: <a href=\"mailto:geral@consultordestinos.pt\">geral@consultordestinos.pt<\/a> \u2013 NIF: PT 518471560 \u2013 RNAVT: 12772.<\/p>\n\n<p>O acesso e utiliza\u00e7\u00e3o do site <a href=\"https:\/\/consultordestinos.pt\/en\/\">www.consultordestinos.pt<\/a>, bem como a informa\u00e7\u00e3o e conte\u00fados, produtos e servi\u00e7os dispon\u00edveis atrav\u00e9s do site Consultor de Destinos est\u00e3o sujeitos aos presentes Termos e Condi\u00e7\u00f5es de Utiliza\u00e7\u00e3o (\u201cTermos e Condi\u00e7\u00f5es de Utiliza\u00e7\u00e3o\u201d).<\/p>\n\n<p>Os Termos e Condi\u00e7\u00f5es de Utiliza\u00e7\u00e3o poder\u00e3o ser atualizados pontualmente. As vers\u00f5es atualizadas ser\u00e3o publicadas no site Consultor de Destinos e ter\u00e3o efeitos imediatos. Quando utilizar o site Consultor de Destinos dever\u00e1 verificar regularmente se os Termos e Condi\u00e7\u00f5es de Utiliza\u00e7\u00e3o sofreram altera\u00e7\u00f5es ou atualiza\u00e7\u00f5es.<\/p>\n\n<h2>Quem Somos<\/h2>\n<p>Neste separador o utilizador pode verificar de forma clara a explica\u00e7\u00e3o detalhada do objetivo do site bem como a miss\u00e3o.<\/p>\n\n<h2>Funcionamento<\/h2>\n<p>O utilizador ao navegar neste separador encontra de forma detalhada a explica\u00e7\u00e3o para se tornar um consultor de destinos bem como os v\u00e1rios benef\u00edcios. Aqui s\u00e3o apresentados tamb\u00e9m os valores e valores alusivos \u00e0 miss\u00e3o.<\/p>\n\n<h2>Dados do Inscrito \u2013 Faz Parte da Nossa Equipa<\/h2>\n<p>O presente site tem por base o convite \u00e0 inscri\u00e7\u00e3o para consultor de destinos da empresa designada acima. O utilizador do site, ap\u00f3s verificar todas as informa\u00e7\u00f5es, poder\u00e1 de livre iniciativa candidatar-se submetendo para isso o formul\u00e1rio de candidatura atrav\u00e9s da op\u00e7\u00e3o \u201cFaz parte da nossa equipa\u201d.<br>\nAp\u00f3s a inscri\u00e7\u00e3o, o poss\u00edvel consultor passar\u00e1 por um processo de sele\u00e7\u00e3o, sendo contactado atrav\u00e9s dos contatos fornecidos no momento da inscri\u00e7\u00e3o.<br>\nA inscri\u00e7\u00e3o n\u00e3o garante que far\u00e1 parte do consultor de destinos. O inscrito passar\u00e1 por um longo processo de sele\u00e7\u00e3o definido pela empresa, e cabe ao Consultor de Destinos aceitar ou rejeitar a candidatura do inscrito sempre que se verificarem pressupostos definidos pela empresa. Estes pressupostos s\u00e3o definidos internamente e n\u00e3o obedecem a um crit\u00e9rio fixo ou estipulado.<\/p>\n\n<h2>Contato<\/h2>\n<p>O utilizador do site pode entrar em contato atrav\u00e9s do separador \u201cContato\u201d. O \u00fanico contato disponibilizado \u00e9 um endere\u00e7o de email.<\/p>\n\n<h2>Login<\/h2>\n<p>O utilizador do site que se inscreva ter\u00e1 acesso a um conjunto de ferramentas e meios fornecidos pelo Consultor de Destinos ap\u00f3s passar no processo de sele\u00e7\u00e3o. As condi\u00e7\u00f5es de utiliza\u00e7\u00e3o, bem como condi\u00e7\u00f5es contratuais, ser\u00e3o apresentadas e celebradas entre o Consultor de Destinos e o utilizador inscrito.<\/p>","protected":false},"excerpt":{"rendered":"<p>Por favor, leia este acordo cuidadosamente, antes de utilizar este site. Este acordo \u00e9 realizado entre si e F\u00e9rias Tropicais, Lda com o nome comercial de Consultor de Destinos, com sede social na Rua Francisco Carqueja, 179, 3\u00ba Esq\u00ba 4350-085 Porto \u2013 Email: geral@consultordestinos.pt \u2013 NIF: PT 518471560 \u2013 RNAVT: 12772. O acesso e utiliza\u00e7\u00e3o do site www.consultordestinos.pt, bem como a informa\u00e7\u00e3o e conte\u00fados, produtos e servi\u00e7os dispon\u00edveis atrav\u00e9s do site Consultor de Destinos est\u00e3o sujeitos aos presentes Termos e Condi\u00e7\u00f5es de Utiliza\u00e7\u00e3o (\u201cTermos e Condi\u00e7\u00f5es de Utiliza\u00e7\u00e3o\u201d). Os Termos e Condi\u00e7\u00f5es de Utiliza\u00e7\u00e3o poder\u00e3o ser atualizados pontualmente. As vers\u00f5es atualizadas ser\u00e3o publicadas no site Consultor de Destinos e ter\u00e3o efeitos imediatos. Quando utilizar o site Consultor de Destinos dever\u00e1 verificar regularmente se os Termos e Condi\u00e7\u00f5es de Utiliza\u00e7\u00e3o sofreram altera\u00e7\u00f5es ou atualiza\u00e7\u00f5es. Quem Somos Neste separador o utilizador pode verificar de forma clara a explica\u00e7\u00e3o detalhada do objetivo do site bem como a miss\u00e3o. Funcionamento O utilizador ao navegar neste separador encontra de forma detalhada a explica\u00e7\u00e3o para se tornar um consultor de destinos bem como os v\u00e1rios benef\u00edcios. Aqui s\u00e3o apresentados tamb\u00e9m os valores e valores alusivos \u00e0 miss\u00e3o. Dados do Inscrito \u2013 Faz Parte da Nossa Equipa O presente site tem por base o convite \u00e0 inscri\u00e7\u00e3o para consultor de destinos da empresa designada acima. O utilizador do site, ap\u00f3s verificar todas as informa\u00e7\u00f5es, poder\u00e1 de livre iniciativa candidatar-se submetendo para isso o formul\u00e1rio de candidatura atrav\u00e9s da op\u00e7\u00e3o \u201cFaz parte da nossa equipa\u201d. Ap\u00f3s a inscri\u00e7\u00e3o, o poss\u00edvel consultor passar\u00e1 por um processo de sele\u00e7\u00e3o, sendo contactado atrav\u00e9s dos contatos fornecidos no momento da inscri\u00e7\u00e3o. A inscri\u00e7\u00e3o n\u00e3o garante que far\u00e1 parte do consultor de destinos. O inscrito passar\u00e1 por um longo processo de sele\u00e7\u00e3o definido pela empresa, e cabe ao Consultor de Destinos aceitar ou rejeitar a candidatura do inscrito sempre que se verificarem pressupostos definidos pela empresa. Estes pressupostos s\u00e3o definidos internamente e n\u00e3o obedecem a um crit\u00e9rio fixo ou estipulado. Contato O utilizador do site pode entrar em contato atrav\u00e9s do separador \u201cContato\u201d. O \u00fanico contato disponibilizado \u00e9 um endere\u00e7o de email. Login O utilizador do site que se inscreva ter\u00e1 acesso a um conjunto de ferramentas e meios fornecidos pelo Consultor de Destinos ap\u00f3s passar no processo de sele\u00e7\u00e3o. As condi\u00e7\u00f5es de utiliza\u00e7\u00e3o, bem como condi\u00e7\u00f5es contratuais, ser\u00e3o apresentadas e celebradas entre o Consultor de Destinos e o utilizador inscrito.<\/p>","protected":false},"author":1,"featured_media":0,"parent":0,"menu_order":0,"comment_status":"closed","ping_status":"closed","template":"","meta":{"footnotes":""},"class_list":["post-405","page","type-page","status-publish","hentry"],"_links":{"self":[{"href":"https:\/\/consultordestinos.pt\/en\/wp-json\/wp\/v2\/pages\/405","targetHints":{"allow":["GET"]}}],"collection":[{"href":"https:\/\/consultordestinos.pt\/en\/wp-json\/wp\/v2\/pages"}],"about":[{"href":"https:\/\/consultordestinos.pt\/en\/wp-json\/wp\/v2\/types\/page"}],"author":[{"embeddable":true,"href":"https:\/\/consultordestinos.pt\/en\/wp-json\/wp\/v2\/users\/1"}],"replies":[{"embeddable":true,"href":"https:\/\/consultordestinos.pt\/en\/wp-json\/wp\/v2\/comments?post=405"}],"version-history":[{"count":3,"href":"https:\/\/consultordestinos.pt\/en\/wp-json\/wp\/v2\/pages\/405\/revisions"}],"predecessor-version":[{"id":681,"href":"https:\/\/consultordestinos.pt\/en\/wp-json\/wp\/v2\/pages\/405\/revisions\/681"}],"wp:attachment":[{"href":"https:\/\/consultordestinos.pt\/en\/wp-json\/wp\/v2\/media?parent=405"}],"curies":[{"name":"wp","href":"https:\/\/api.w.org\/{rel}","templated":true}]}}